{"id":1721,"date":"2017-07-13T10:33:58","date_gmt":"2017-07-13T07:33:58","guid":{"rendered":"https:\/\/old.bdpu.org.ua\/?page_id=1721"},"modified":"2023-09-18T16:02:27","modified_gmt":"2023-09-18T13:02:27","slug":"harlan-olga-dmitrivna","status":"publish","type":"page","link":"https:\/\/old.bdpu.org.ua\/en\/harlan-olga-dmitrivna\/","title":{"rendered":"Olga Kharlan"},"content":{"rendered":"<p>Skills and expertise<br \/>\nComparative Literature Studies, History of Ukrainian Literature 1910\u20131930s<\/p>\n<p><strong>Publications<\/strong><br \/>\nKharlan O. (2000). Katria Hrynevycheva: Literaturnyi portret [Katria Hrynevycheva: Literary Portrait]. Kyiv : Znannia [in Ukrainian].<\/p>\n<p>Kharlan O. (2008). Dyskurs katastrophizmu v ukrainskii ta polskii prozi mizgvoiennoho dvadtsiatylittia [Discourse of Catastrophism in the Ukrainian and Polish Prose of the Interwar Twenty Years]. Kyiv\u00a0: Osvita Ukrainy [in Ukrainian].<\/p>\n<p>Charlan O. Losy Natalii Zabi\u0142y na tle epoki radzieckiej [Natalia Zabila\u2019s Fate Against the Background of the Soviet Era]. Wsp\u00f3lnota wyobra\u017cona. Pisarki Europy \u015arodkowej wobec problem\u00f3w literackich, spo\u0142ecznych i politycznych lat 1914-1945, red. G.\u00a0Borkowska, I. Boruszkowska i K. Nadana-Soko\u0142owska.Warszawa : Wydawnictwo IBL PAN, 2017. S. 411 \u2013 422. [in Polish].<\/p>","protected":false},"excerpt":{"rendered":"<p>Skills and expertise Comparative Literature Studies, History of Ukrainian Literature 1910\u20131930s Publications Kharlan O. (2000). Katria Hrynevycheva: Literaturnyi portret [Katria Hrynevycheva: Literary Portrait]. Kyiv : Znannia [in Ukrainian]. Kharlan O. (2008). Dyskurs katastrophizmu v ukrainskii ta polskii prozi mizgvoiennoho dvadtsiatylittia [Discourse of Catastrophism in the Ukrainian and Polish Prose of the Interwar Twenty Years]. Kyiv\u00a0: [&hellip;]<\/p>\n","protected":false},"author":1,"featured_media":0,"parent":0,"menu_order":1,"comment_status":"closed","ping_status":"closed","template":"singular_teacher.php","meta":{"inline_featured_image":false},"aioseo_notices":[],"_links":{"self":[{"href":"https:\/\/old.bdpu.org.ua\/en\/wp-json\/wp\/v2\/pages\/1721"}],"collection":[{"href":"https:\/\/old.bdpu.org.ua\/en\/wp-json\/wp\/v2\/pages"}],"about":[{"href":"https:\/\/old.bdpu.org.ua\/en\/wp-json\/wp\/v2\/types\/page"}],"author":[{"embeddable":true,"href":"https:\/\/old.bdpu.org.ua\/en\/wp-json\/wp\/v2\/users\/1"}],"replies":[{"embeddable":true,"href":"https:\/\/old.bdpu.org.ua\/en\/wp-json\/wp\/v2\/comments?post=1721"}],"version-history":[{"count":0,"href":"https:\/\/old.bdpu.org.ua\/en\/wp-json\/wp\/v2\/pages\/1721\/revisions"}],"wp:attachment":[{"href":"https:\/\/old.bdpu.org.ua\/en\/wp-json\/wp\/v2\/media?parent=1721"}],"curies":[{"name":"wp","href":"https:\/\/api.w.org\/{rel}","templated":true}]}}