{"id":1476,"date":"2017-07-11T10:27:55","date_gmt":"2017-07-11T07:27:55","guid":{"rendered":"https:\/\/old.bdpu.org.ua\/?page_id=1476"},"modified":"2023-07-20T13:28:56","modified_gmt":"2023-07-20T10:28:56","slug":"alekseeva-ganna","status":"publish","type":"page","link":"https:\/\/old.bdpu.org.ua\/en\/alekseeva-ganna\/","title":{"rendered":"Alieksieieva Hanna N"},"content":{"rendered":"<p><strong>Diplomas:<br \/>\n<\/strong><\/p>\n<p>1985-1991 \u201cEngineer-programmer\u201d, faculty of ACS (automated control systems), Donetsk Polytechnic Institute.<\/p>\n<p>2008-2010 \u201cMaster of pedagogical education\u201d in specialization \u201cProfessional training. Computer technologies in management and training\u201d.<\/p>\n<p>Candidate of Pedagogical Sciences, specialty 13.00.04 \u2013 Theory and Methodology of Professional Education, diploma of Candidate of Pedagogical Sciences (\u0414\u041a \u2116 016101, decision of the Attestation Commission, from October 10, 2013).<\/p>\n<p>&nbsp;<\/p>\n<p><strong>Courses:<\/strong><\/p>\n<p>ZRIPPE for the course &#8220;INTEL. Learning for the future&#8221; \u2116 1\/7 PT from 10.04.2004;<\/p>\n<p>Intel Ukraine MICROELECTRONICS limited for the master class \u201cINTEL. Learning for the future&#8221; \u2116 34 \/ \u041a\u0412 \u0420\u0422 from 04.11.2004;<\/p>\n<p>ZRIPPE for the course &#8220;INTEL. Learning for the future&#8221; \u2116 1.2 \u0420\u0422 from 09.01.2007;<\/p>\n<p>APTECH \u2116 \u0422\u0415\u0410 \/ ZAP -07 \/ 162 (with the right to carry out the implementation of the program &#8220;Aptech-RLUS&#8221; level\u00a0 Std 1) in secondary schools) from 22.09.2007;<\/p>\n<p>Uman Pavlo Tychyna State Pedagogical University for the course &#8220;INTEL. Learning for the future&#8221; \u2116156. \u0412\u041d\u0417 from 18.02.2008.<\/p>\n<p>ZRIPPE, the Certificate of the Master class \u201cMethodology of teaching of the course \u201cFundamentals of information and communication technologies\u201d \u2116 060754 from 31.03.2008;<\/p>\n<p>BSPU for the course &#8220;INTEL. Learning for the future&#8221; \u2116115 \u041c\u041a_\u0412\u041d\u0417 from 15.06.2009, Course Microsoft\u00aeDigital Literacy \u2116929953 from 22.02.2011.<\/p>\n<p>Scopus Search: Best Practices (December 6, 2018) Kyiv, Ukraine, T. Shevchenko National University of Kyiv. Marina Nazarovets, Head of the Information Monitoring Service of the Scientific Library. M. Maksimovich, Kyiv National Taras Shevchenko University.<\/p>\n<p><strong>\u00a0<\/strong><\/p>\n<p><strong>Cooperation with foreign partners<\/strong><\/p>\n<p>Laboratory &#8220;Research of digital systems and renewal of energy sources&#8221; (<strong>LISDER<\/strong>) Faculty of Computer Science, Honored Autonomous University of Puebla (<strong>Mexico<\/strong>)<\/p>\n<p>The topic &#8220;<em>Organization of educational process and scientific projects on the basis of modeling of automation systems<\/em>&#8221;<\/p>\n<p><strong>\u00a0<\/strong><\/p>\n<p><strong>Signing an agreement on cooperation with foreign partners:<\/strong><\/p>\n<p>Agreement on cooperation between the Faculty of Physical and Mathematical, Computer and Technological Education of the Berdyansk State Pedagogical University and the Faculty of Computer Science of the Honored Autonomous University of Puebla dated March 17, 2018, FCC-DIR-663-2017. By 2022<\/p>\n<p><strong>\u00a0<\/strong><\/p>\n<p><strong>Practical results of cooperation:<\/strong><\/p>\n<p><strong><em><u>International internships:<\/u><\/em><\/strong><\/p>\n<ol>\n<li>2017 Faculty of Computer Science, Honored Autonomous University of Puebla, Mexico (FFC \/ DIR \/ 217\/2017).<\/li>\n<li>2018 Faculty of Computer Science, Honored Autonomous University of Puebla, Mexico (FFC \/ DIR \/ 184\/2018)<\/li>\n<li>Articles in foreign publications that have an impact factor (6) Scientometric bases <strong>Copernicus, Scopus or Web of Science<\/strong><\/li>\n<li>I took part in the publication of the textbook &#8211; a printed gratitude in the textbook for the provision of materials<\/li>\n<\/ol>\n<p><strong>ANSWERS ON THE DISCUSSION OF THE CIRCUIT OF EL\u00c9CTRICOS: <\/strong>Teor\u00eda y pr\u00e1ctica \/ [Jos\u00e9 Italo Cortez, Liliana Cortos, Alejandro Paredes Camacho, Ernest Cortez, Germ\u00e1n Ardul Mufloz Hern\u00e1ndez, Gregorio Trinidad Garc\u00eda]. &#8211; Mexico, Alfajema, 2016.<\/p>\n<p><strong>\u00a0<\/strong><\/p>\n<p><strong>Internship:<\/strong><\/p>\n<p>Zaporizhzhya Regional Institute of Postgraduate Pedagogical Education: \u2116 01-15 \/ 15\u00a0 from June 24, 2016.<\/p>\n<p>The experience of innovative technologies application in teaching of the courses &#8220;Methods of teaching computer sciences&#8221;, &#8220;Modern ICT in education&#8221;, &#8220;Pedagogical practice&#8221;, &#8220;Media of informational literacy and media education&#8221;, &#8220;Modern lesson of computer science and engineering&#8221;, &#8220;Project activity in the information educational environment&#8221;, &#8220;Social Web 2.0 services in pedagogical activities&#8221;, &#8220;Electronic means of educational direction&#8221;, &#8220;Basic web design&#8221;, &#8220;Technology in the design and creation of distance learning courses&#8221;, &#8220;Technology in the design and creation of a unified educational environment of an institution&#8221;.<\/p>\n<p><strong>\u00a0<\/strong><\/p>\n<p>Guide of <strong>undergraduate and master&#8217;s projects<\/strong>:<\/p>\n<ol>\n<li>Development of information support system of the learning process of the relevant discipline &#8220;Theory of data protection in information systems&#8221;.<\/li>\n<li>Development of information support system of the learning process of the relevant discipline &#8220;Banking and business&#8221;.<\/li>\n<li>Introduction and use of information and communication technologies in the training process on the example of the discipline &#8220;Modern operating systems&#8221;.<\/li>\n<li>Use of information computer technologies in the training process on the example of the discipline &#8220;Modern operating systems&#8221;.<\/li>\n<li>Use of software engineering in the process of professional training on the example of the discipline &#8220;Banking and business&#8221;.<\/li>\n<li>Development of information support of an enterprise\u2019s activities.<\/li>\n<li>Implementation and development of electronic means (website) in the learning process.<\/li>\n<li>Methodology for the development of a personal blog of a teacher by means of network technologies.<\/li>\n<li>Use of modern information technologies in the process of developing an educational website.<\/li>\n<li>Methodology for the development and implementation of the information website.<\/li>\n<li>Methodology for the development of a teaching resource with website Builder.<\/li>\n<li>Development and implementation of educational blogs in the process of professional training of future engineers-teachers.<\/li>\n<li>Methods of development and implementation of educational site on the subject of TDP in IS.<\/li>\n<li>Development and implementation of information and network technologies in the process of future engineers-teachers\u2019 professional training.<\/li>\n<li>The methodology for the development of electronic resources on the subject &#8230; by means of wordpress.<\/li>\n<\/ol>\n<p><strong>\u00a0<\/strong><\/p>\n<p><strong>Research work:<\/strong> since 2013 after the complex themes of a collective project together with Professor and Head of the Laboratory of Digital Systems and Renewable Energy Sources Jos\u00e9 Italo Cortez (the initiative group of students of 3-4 courses FCET and students of UAP-CA-258 of the Merited Autonomous University of Puebla) after the topics: <strong>augmented reality and embedded systems.<\/strong><\/p>\n<p><strong>\u00a0<\/strong><\/p>\n<p><strong>Professional skills:<\/strong><\/p>\n<p><strong>Development:<br \/>\n<\/strong>1. development and implementation of sites http:\/\/gymnazia-2.org\/, http:\/\/school9brd.16mb.com\/<br \/>\n2. local search engine element in the planning of class schedules on the basis of BSPU.<\/p>\n<ol start=\"3\">\n<li>architectural tour of BSPU applications 3D editors <a href=\"https:\/\/old.bdpu.org.ua\/index.html\">https:\/\/old.bdpu.org.ua\/index.html<\/a>)<\/li>\n<\/ol>\n<p>&nbsp;<\/p>\n<p><strong>Master-classes:<\/strong><\/p>\n<p>\u201cDesign and implementation of the blog (site) in the educational process by school teachers\u201d with pedagogical staff of the schools in the town of Berdyansk.<\/p>\n<p>Organization together with the Organizing Committee of the Town\u2019s Olympic Games on Computer Science and Information Technology of the II stage of Ukrainian Student Olympiads in Information Technology (21.11.2014) at the faculty of Computer and Energy Saving Technologies.<\/p>\n<p>Scientific guidance on the scientific and experimental site on the basis of Berdyansk multi-level gymnasium \u21162<\/p>\n<p><strong>\u00a0<\/strong><\/p>\n<p><strong>Theme:<\/strong> &#8220;Formation of professional competences of teachers in the system of introduction in the educational process of information and communication technologies in the conditions of information society&#8221; 2016 &#8211; 01.06. 2019 gg.<\/p>\n<p>&nbsp;<\/p>\n<p><strong>Scientific leadership of the initiative group<\/strong> of the students of the FOMCT of the 4th year for the joint international scientific and practical work<\/p>\n<p>A collaborative project between the students of the Faculty of Computer and Energy Saving Technologies and students of the UARP-CA-258 group of Honorable Autonomous University of Puebla, led by professor, head of the Laboratory of Digital Systems and Renewable Energy Jos\u00e9 Italiano Cort\u00e9s and the KP. Alekseeva GM on the subject of embedded systems:<\/p>\n<ol>\n<li>Tronin Ruslan (&#8220;<strong>Semi-portable methane gas <\/strong><strong>analyzer in household and optional conditions<\/strong>&#8220;)<\/li>\n<li>Kravchenko Arthur and Venetsky Dmitry &#8220;<strong>Development of the simulator for compiling the computer architecture of the X64 using Unity 3D<\/strong>\u00bb<\/li>\n<li>Graduates Panchenko Alexander (&#8220;<strong>The model of positioning the electronic stick in 3D space<\/strong>&#8220;) and Babich Pavlo (&#8220;<strong>Navigation in the coordinate space<\/strong>&#8220;).<\/li>\n<\/ol>\n<p>&nbsp;<\/p>\n<p><strong>Postgraduate Management (since 2018)<\/strong><\/p>\n<ol>\n<li>Panchenko Alexander Petrovich<\/li>\n<li>Babich Pavel Valentinovich<\/li>\n<\/ol>\n<p>&nbsp;<\/p>\n<p><strong>Scientific guidance by students, participation in competitions and olympiads<\/strong><\/p>\n<p>All-Ukrainian Competition for student research in the field of &#8220;ICT in Education&#8221;<\/p>\n<p>Kravchenko Artur and Venetsky Dmitry &#8220;Development of the simulator for compiling the X64 architecture computer using Unity 3D&#8221;<\/p>\n<p><strong>3rd place<\/strong><\/p>\n<p>(Melitopol State Pedagogical University named after Bogdan Khmelnytsky)<\/p>\n<p>&nbsp;<\/p>\n<p><strong>Research activities<\/strong><\/p>\n<p>Author of more than 100 scientific and educational works (including 45 articles in professional editions), including 3 monographs (1 single); Participated in the publication of the textbook &#8211; printed thanks in the textbook for the provision of materials (AN\u00c1LISIS Y DISE\u00d1O DE CIRCUITOS EL\u00c9CTRICOS: Teor\u00eda y pr\u00e1ctica (Mexico, Alfajmega, 2016); 1 bibliography (Faculty of Computer and Energy Saving Technologies, BDPU, Bibliography, 2015).<\/p>\n<p><strong>\u00a0<\/strong><\/p>\n<p><strong>Teaches discipline:<\/strong><\/p>\n<ul>\n<li>Automated systems of organizational management,<\/li>\n<li>Fundamentals of automated design systems,<\/li>\n<li>Distributed and parallel processing of information,<\/li>\n<li>Modern information technology,<\/li>\n<li>Theory of information and coding.<\/li>\n<li>School computer science course<\/li>\n<li>Robotic control systems<\/li>\n<\/ul>\n<p><\/p>","protected":false},"excerpt":{"rendered":"<p>Diplomas: 1985-1991 \u201cEngineer-programmer\u201d, faculty of ACS (automated control systems), Donetsk Polytechnic Institute. 2008-2010 \u201cMaster of pedagogical education\u201d in specialization \u201cProfessional training. Computer technologies in management and training\u201d. Candidate of Pedagogical Sciences, specialty 13.00.04 \u2013 Theory and Methodology of Professional Education, diploma of Candidate of Pedagogical Sciences (\u0414\u041a \u2116 016101, decision of the Attestation Commission, from [&hellip;]<\/p>\n","protected":false},"author":1,"featured_media":0,"parent":0,"menu_order":2,"comment_status":"closed","ping_status":"closed","template":"singular_teacher.php","meta":{"inline_featured_image":false},"aioseo_notices":[],"_links":{"self":[{"href":"https:\/\/old.bdpu.org.ua\/en\/wp-json\/wp\/v2\/pages\/1476"}],"collection":[{"href":"https:\/\/old.bdpu.org.ua\/en\/wp-json\/wp\/v2\/pages"}],"about":[{"href":"https:\/\/old.bdpu.org.ua\/en\/wp-json\/wp\/v2\/types\/page"}],"author":[{"embeddable":true,"href":"https:\/\/old.bdpu.org.ua\/en\/wp-json\/wp\/v2\/users\/1"}],"replies":[{"embeddable":true,"href":"https:\/\/old.bdpu.org.ua\/en\/wp-json\/wp\/v2\/comments?post=1476"}],"version-history":[{"count":0,"href":"https:\/\/old.bdpu.org.ua\/en\/wp-json\/wp\/v2\/pages\/1476\/revisions"}],"wp:attachment":[{"href":"https:\/\/old.bdpu.org.ua\/en\/wp-json\/wp\/v2\/media?parent=1476"}],"curies":[{"name":"wp","href":"https:\/\/api.w.org\/{rel}","templated":true}]}}